{"id":3090,"date":"2026-02-11T14:41:48","date_gmt":"2026-02-11T13:41:48","guid":{"rendered":"https:\/\/candleinthekitchen.com\/?page_id=3090"},"modified":"2026-02-11T14:41:49","modified_gmt":"2026-02-11T13:41:49","slug":"the-flexible-weeknight-dinner-plan","status":"publish","type":"page","link":"https:\/\/candleinthekitchen.com\/fr\/the-flexible-weeknight-dinner-plan\/","title":{"rendered":"Planning de d\u00eeners simples"},"content":{"rendered":"<p>Obtenez votre exemplaire ici ! Nous vous enverrons un e-mail pour confirmer votre adresse e-mail, n'oubliez pas de v\u00e9rifier votre bo\u00eete de r\u00e9ception !<\/p>\n\n\n<div class=\"convertkit-form wp-block-convertkit-form\" style=\"\"><script async data-uid=\"dfe9aad0fc\" src=\"https:\/\/candle-in-the-kitchen.kit.com\/dfe9aad0fc\/index.js\" data-jetpack-boost=\"ignore\" data-no-defer=\"1\" nowprocket><\/script><\/div>","protected":false},"excerpt":{"rendered":"<p>Obtenez votre exemplaire ici ! Nous vous enverrons un e-mail pour confirmer votre adresse e-mail, n'oubliez pas de v\u00e9rifier votre bo\u00eete de r\u00e9ception !<\/p>","protected":false},"author":1,"featured_media":3081,"parent":0,"menu_order":0,"comment_status":"closed","ping_status":"closed","template":"","meta":{"_lmt_disableupdate":"","_lmt_disable":"","wprm-recipe-roundup-name":"","wprm-recipe-roundup-description":"","_genesis_hide_title":false,"_genesis_hide_breadcrumbs":false,"_genesis_hide_singular_image":false,"_genesis_hide_footer_widgets":false,"_genesis_custom_body_class":"","_genesis_custom_post_class":"","_genesis_layout":"","footnotes":""},"class_list":{"0":"post-3090","1":"page","2":"type-page","3":"status-publish","4":"has-post-thumbnail","6":"entry"},"yoast_head":"<!-- This site is optimized with the Yoast SEO plugin v27.4 - https:\/\/yoast.com\/product\/yoast-seo-wordpress\/ -->\n<title>The Flexible Weeknight Dinner Plan - Candle in the Kitchen<\/title>\n<meta name=\"robots\" content=\"index, follow, max-snippet:-1, max-image-preview:large, max-video-preview:-1\" \/>\n<link rel=\"canonical\" href=\"https:\/\/candleinthekitchen.com\/fr\/the-flexible-weeknight-dinner-plan\/\" \/>\n<meta property=\"og:locale\" content=\"fr_FR\" \/>\n<meta property=\"og:type\" content=\"article\" \/>\n<meta property=\"og:title\" content=\"The Flexible Weeknight Dinner Plan - Candle in the Kitchen\" \/>\n<meta property=\"og:description\" content=\"Get your copy here! We&#8217;ll send you an email to confirm your email address, don&#8217;t forget to check your inbox!\" \/>\n<meta property=\"og:url\" content=\"https:\/\/candleinthekitchen.com\/fr\/the-flexible-weeknight-dinner-plan\/\" \/>\n<meta property=\"og:site_name\" content=\"Candle in the Kitchen\" \/>\n<meta property=\"article:modified_time\" content=\"2026-02-11T13:41:49+00:00\" \/>\n<meta property=\"og:image\" content=\"https:\/\/candleinthekitchen.com\/wp-content\/uploads\/2026\/02\/Chicken-and-Spinach-Curry-1-of-1-scaled.jpg\" \/>\n\t<meta property=\"og:image:width\" content=\"2560\" \/>\n\t<meta property=\"og:image:height\" content=\"1707\" \/>\n\t<meta property=\"og:image:type\" content=\"image\/jpeg\" \/>\n<meta name=\"twitter:card\" content=\"summary_large_image\" \/>\n<meta name=\"twitter:label1\" content=\"Dur\u00e9e de lecture estim\u00e9e\" \/>\n\t<meta name=\"twitter:data1\" content=\"1 minute\" \/>\n<script type=\"application\/ld+json\" class=\"yoast-schema-graph\">{\"@context\":\"https:\\\/\\\/schema.org\",\"@graph\":[{\"@type\":\"WebPage\",\"@id\":\"https:\\\/\\\/candleinthekitchen.com\\\/the-flexible-weeknight-dinner-plan\\\/\",\"url\":\"https:\\\/\\\/candleinthekitchen.com\\\/the-flexible-weeknight-dinner-plan\\\/\",\"name\":\"The Flexible Weeknight Dinner Plan - Candle in the Kitchen\",\"isPartOf\":{\"@id\":\"https:\\\/\\\/candleinthekitchen.com\\\/#website\"},\"primaryImageOfPage\":{\"@id\":\"https:\\\/\\\/candleinthekitchen.com\\\/the-flexible-weeknight-dinner-plan\\\/#primaryimage\"},\"image\":{\"@id\":\"https:\\\/\\\/candleinthekitchen.com\\\/the-flexible-weeknight-dinner-plan\\\/#primaryimage\"},\"thumbnailUrl\":\"https:\\\/\\\/candleinthekitchen.com\\\/wp-content\\\/uploads\\\/2026\\\/02\\\/Chicken-and-Spinach-Curry-1-of-1-scaled.jpg\",\"datePublished\":\"2026-02-11T13:41:48+00:00\",\"dateModified\":\"2026-02-11T13:41:49+00:00\",\"breadcrumb\":{\"@id\":\"https:\\\/\\\/candleinthekitchen.com\\\/the-flexible-weeknight-dinner-plan\\\/#breadcrumb\"},\"inLanguage\":\"fr-FR\",\"potentialAction\":[{\"@type\":\"ReadAction\",\"target\":[\"https:\\\/\\\/candleinthekitchen.com\\\/the-flexible-weeknight-dinner-plan\\\/\"]}]},{\"@type\":\"ImageObject\",\"inLanguage\":\"fr-FR\",\"@id\":\"https:\\\/\\\/candleinthekitchen.com\\\/the-flexible-weeknight-dinner-plan\\\/#primaryimage\",\"url\":\"https:\\\/\\\/candleinthekitchen.com\\\/wp-content\\\/uploads\\\/2026\\\/02\\\/Chicken-and-Spinach-Curry-1-of-1-scaled.jpg\",\"contentUrl\":\"https:\\\/\\\/candleinthekitchen.com\\\/wp-content\\\/uploads\\\/2026\\\/02\\\/Chicken-and-Spinach-Curry-1-of-1-scaled.jpg\",\"width\":2560,\"height\":1707,\"caption\":\"chicken and spinach curry in a bowl with white rice\"},{\"@type\":\"BreadcrumbList\",\"@id\":\"https:\\\/\\\/candleinthekitchen.com\\\/the-flexible-weeknight-dinner-plan\\\/#breadcrumb\",\"itemListElement\":[{\"@type\":\"ListItem\",\"position\":1,\"name\":\"Home\",\"item\":\"https:\\\/\\\/candleinthekitchen.com\\\/\"},{\"@type\":\"ListItem\",\"position\":2,\"name\":\"The Flexible Weeknight Dinner Plan\"}]},{\"@type\":\"WebSite\",\"@id\":\"https:\\\/\\\/candleinthekitchen.com\\\/#website\",\"url\":\"https:\\\/\\\/candleinthekitchen.com\\\/\",\"name\":\"Candle in the Kitchen\",\"description\":\"Simple, home-made food for family and friends\",\"publisher\":{\"@id\":\"https:\\\/\\\/candleinthekitchen.com\\\/#\\\/schema\\\/person\\\/9c45a3f411e84da07e714e6afbe1767a\"},\"potentialAction\":[{\"@type\":\"SearchAction\",\"target\":{\"@type\":\"EntryPoint\",\"urlTemplate\":\"https:\\\/\\\/candleinthekitchen.com\\\/?s={search_term_string}\"},\"query-input\":{\"@type\":\"PropertyValueSpecification\",\"valueRequired\":true,\"valueName\":\"search_term_string\"}}],\"inLanguage\":\"fr-FR\"},{\"@type\":[\"Person\",\"Organization\"],\"@id\":\"https:\\\/\\\/candleinthekitchen.com\\\/#\\\/schema\\\/person\\\/9c45a3f411e84da07e714e6afbe1767a\",\"name\":\"Sarah\",\"image\":{\"@type\":\"ImageObject\",\"inLanguage\":\"fr-FR\",\"@id\":\"https:\\\/\\\/candleinthekitchen.com\\\/wp-content\\\/uploads\\\/2024\\\/04\\\/cropped-CK-site-image.png\",\"url\":\"https:\\\/\\\/candleinthekitchen.com\\\/wp-content\\\/uploads\\\/2024\\\/04\\\/cropped-CK-site-image.png\",\"contentUrl\":\"https:\\\/\\\/candleinthekitchen.com\\\/wp-content\\\/uploads\\\/2024\\\/04\\\/cropped-CK-site-image.png\",\"width\":512,\"height\":512,\"caption\":\"Sarah\"},\"logo\":{\"@id\":\"https:\\\/\\\/candleinthekitchen.com\\\/wp-content\\\/uploads\\\/2024\\\/04\\\/cropped-CK-site-image.png\"},\"sameAs\":[\"https:\\\/\\\/candleinthekitchen.com\"]}]}<\/script>\n<!-- \/ Yoast SEO plugin. -->","yoast_head_json":{"title":"Le plan flexible pour les d\u00eeners de semaine - Candle in the Kitchen","robots":{"index":"index","follow":"follow","max-snippet":"max-snippet:-1","max-image-preview":"max-image-preview:large","max-video-preview":"max-video-preview:-1"},"canonical":"https:\/\/candleinthekitchen.com\/fr\/the-flexible-weeknight-dinner-plan\/","og_locale":"fr_FR","og_type":"article","og_title":"The Flexible Weeknight Dinner Plan - Candle in the Kitchen","og_description":"Get your copy here! We&#8217;ll send you an email to confirm your email address, don&#8217;t forget to check your inbox!","og_url":"https:\/\/candleinthekitchen.com\/fr\/the-flexible-weeknight-dinner-plan\/","og_site_name":"Candle in the Kitchen","article_modified_time":"2026-02-11T13:41:49+00:00","og_image":[{"width":2560,"height":1707,"url":"https:\/\/candleinthekitchen.com\/wp-content\/uploads\/2026\/02\/Chicken-and-Spinach-Curry-1-of-1-scaled.jpg","type":"image\/jpeg"}],"twitter_card":"summary_large_image","twitter_misc":{"Dur\u00e9e de lecture estim\u00e9e":"1 minute"},"schema":{"@context":"https:\/\/schema.org","@graph":[{"@type":"WebPage","@id":"https:\/\/candleinthekitchen.com\/the-flexible-weeknight-dinner-plan\/","url":"https:\/\/candleinthekitchen.com\/the-flexible-weeknight-dinner-plan\/","name":"Le plan flexible pour les d\u00eeners de semaine - Candle in the Kitchen","isPartOf":{"@id":"https:\/\/candleinthekitchen.com\/#website"},"primaryImageOfPage":{"@id":"https:\/\/candleinthekitchen.com\/the-flexible-weeknight-dinner-plan\/#primaryimage"},"image":{"@id":"https:\/\/candleinthekitchen.com\/the-flexible-weeknight-dinner-plan\/#primaryimage"},"thumbnailUrl":"https:\/\/candleinthekitchen.com\/wp-content\/uploads\/2026\/02\/Chicken-and-Spinach-Curry-1-of-1-scaled.jpg","datePublished":"2026-02-11T13:41:48+00:00","dateModified":"2026-02-11T13:41:49+00:00","breadcrumb":{"@id":"https:\/\/candleinthekitchen.com\/the-flexible-weeknight-dinner-plan\/#breadcrumb"},"inLanguage":"fr-FR","potentialAction":[{"@type":"ReadAction","target":["https:\/\/candleinthekitchen.com\/the-flexible-weeknight-dinner-plan\/"]}]},{"@type":"ImageObject","inLanguage":"fr-FR","@id":"https:\/\/candleinthekitchen.com\/the-flexible-weeknight-dinner-plan\/#primaryimage","url":"https:\/\/candleinthekitchen.com\/wp-content\/uploads\/2026\/02\/Chicken-and-Spinach-Curry-1-of-1-scaled.jpg","contentUrl":"https:\/\/candleinthekitchen.com\/wp-content\/uploads\/2026\/02\/Chicken-and-Spinach-Curry-1-of-1-scaled.jpg","width":2560,"height":1707,"caption":"chicken and spinach curry in a bowl with white rice"},{"@type":"BreadcrumbList","@id":"https:\/\/candleinthekitchen.com\/the-flexible-weeknight-dinner-plan\/#breadcrumb","itemListElement":[{"@type":"ListItem","position":1,"name":"Home","item":"https:\/\/candleinthekitchen.com\/"},{"@type":"ListItem","position":2,"name":"The Flexible Weeknight Dinner Plan"}]},{"@type":"WebSite","@id":"https:\/\/candleinthekitchen.com\/#website","url":"https:\/\/candleinthekitchen.com\/","name":"Bougie dans la cuisine","description":"Des plats simples et faits maison pour la famille et les amis","publisher":{"@id":"https:\/\/candleinthekitchen.com\/#\/schema\/person\/9c45a3f411e84da07e714e6afbe1767a"},"potentialAction":[{"@type":"SearchAction","target":{"@type":"EntryPoint","urlTemplate":"https:\/\/candleinthekitchen.com\/?s={search_term_string}"},"query-input":{"@type":"PropertyValueSpecification","valueRequired":true,"valueName":"search_term_string"}}],"inLanguage":"fr-FR"},{"@type":["Person","Organization"],"@id":"https:\/\/candleinthekitchen.com\/#\/schema\/person\/9c45a3f411e84da07e714e6afbe1767a","name":"Sarah","image":{"@type":"ImageObject","inLanguage":"fr-FR","@id":"https:\/\/candleinthekitchen.com\/wp-content\/uploads\/2024\/04\/cropped-CK-site-image.png","url":"https:\/\/candleinthekitchen.com\/wp-content\/uploads\/2024\/04\/cropped-CK-site-image.png","contentUrl":"https:\/\/candleinthekitchen.com\/wp-content\/uploads\/2024\/04\/cropped-CK-site-image.png","width":512,"height":512,"caption":"Sarah"},"logo":{"@id":"https:\/\/candleinthekitchen.com\/wp-content\/uploads\/2024\/04\/cropped-CK-site-image.png"},"sameAs":["https:\/\/candleinthekitchen.com"]}]}},"_links":{"self":[{"href":"https:\/\/candleinthekitchen.com\/fr\/wp-json\/wp\/v2\/pages\/3090","targetHints":{"allow":["GET"]}}],"collection":[{"href":"https:\/\/candleinthekitchen.com\/fr\/wp-json\/wp\/v2\/pages"}],"about":[{"href":"https:\/\/candleinthekitchen.com\/fr\/wp-json\/wp\/v2\/types\/page"}],"author":[{"embeddable":true,"href":"https:\/\/candleinthekitchen.com\/fr\/wp-json\/wp\/v2\/users\/1"}],"replies":[{"embeddable":true,"href":"https:\/\/candleinthekitchen.com\/fr\/wp-json\/wp\/v2\/comments?post=3090"}],"version-history":[{"count":1,"href":"https:\/\/candleinthekitchen.com\/fr\/wp-json\/wp\/v2\/pages\/3090\/revisions"}],"predecessor-version":[{"id":3091,"href":"https:\/\/candleinthekitchen.com\/fr\/wp-json\/wp\/v2\/pages\/3090\/revisions\/3091"}],"wp:featuredmedia":[{"embeddable":true,"href":"https:\/\/candleinthekitchen.com\/fr\/wp-json\/wp\/v2\/media\/3081"}],"wp:attachment":[{"href":"https:\/\/candleinthekitchen.com\/fr\/wp-json\/wp\/v2\/media?parent=3090"}],"curies":[{"name":"wp","href":"https:\/\/api.w.org\/{rel}","templated":true}]}}