{"id":440,"date":"2024-07-03T19:28:00","date_gmt":"2024-07-03T17:28:00","guid":{"rendered":"https:\/\/candleinthekitchen.com\/?page_id=440"},"modified":"2024-07-03T19:28:01","modified_gmt":"2024-07-03T17:28:01","slug":"thank-you","status":"publish","type":"page","link":"https:\/\/candleinthekitchen.com\/fr\/thank-you\/","title":{"rendered":"Merci de votre attention !"},"content":{"rendered":"<p>Merci de vous \u00eatre inscrit \u00e0 ma newsletter hebdomadaire. Je me r\u00e9jouis de vous revoir bient\u00f4t dans ma cuisine \ud83d\ude42 .<\/p>\n\n\n\n<p>Sarah xx<\/p>","protected":false},"excerpt":{"rendered":"<p>Thanks for signing up to my weekly newsletter. I&#8217;m looking forward to seeing you in my kitchen again soon \ud83d\ude42 Sarah xx<\/p>","protected":false},"author":1,"featured_media":0,"parent":0,"menu_order":0,"comment_status":"closed","ping_status":"closed","template":"","meta":{"_lmt_disableupdate":"","_lmt_disable":"","wprm-recipe-roundup-name":"","wprm-recipe-roundup-description":"","_genesis_hide_title":false,"_genesis_hide_breadcrumbs":false,"_genesis_hide_singular_image":false,"_genesis_hide_footer_widgets":false,"_genesis_custom_body_class":"","_genesis_custom_post_class":"","_genesis_layout":"","footnotes":""},"class_list":{"0":"post-440","1":"page","2":"type-page","3":"status-publish","5":"entry"},"yoast_head":"<!-- This site is optimized with the Yoast SEO plugin v27.4 - https:\/\/yoast.com\/product\/yoast-seo-wordpress\/ -->\n<title>Thank You! - Candle in the Kitchen<\/title>\n<meta name=\"robots\" content=\"index, follow, max-snippet:-1, max-image-preview:large, max-video-preview:-1\" \/>\n<link rel=\"canonical\" href=\"https:\/\/candleinthekitchen.com\/fr\/thank-you\/\" \/>\n<meta property=\"og:locale\" content=\"fr_FR\" \/>\n<meta property=\"og:type\" content=\"article\" \/>\n<meta property=\"og:title\" content=\"Thank You! - Candle in the Kitchen\" \/>\n<meta property=\"og:description\" content=\"Thanks for signing up to my weekly newsletter. I&#8217;m looking forward to seeing you in my kitchen again soon \ud83d\ude42 Sarah xx\" \/>\n<meta property=\"og:url\" content=\"https:\/\/candleinthekitchen.com\/fr\/thank-you\/\" \/>\n<meta property=\"og:site_name\" content=\"Candle in the Kitchen\" \/>\n<meta property=\"article:modified_time\" content=\"2024-07-03T17:28:01+00:00\" \/>\n<meta name=\"twitter:card\" content=\"summary_large_image\" \/>\n<meta name=\"twitter:label1\" content=\"Dur\u00e9e de lecture estim\u00e9e\" \/>\n\t<meta name=\"twitter:data1\" content=\"1 minute\" \/>\n<script type=\"application\/ld+json\" class=\"yoast-schema-graph\">{\"@context\":\"https:\\\/\\\/schema.org\",\"@graph\":[{\"@type\":\"WebPage\",\"@id\":\"https:\\\/\\\/candleinthekitchen.com\\\/thank-you\\\/\",\"url\":\"https:\\\/\\\/candleinthekitchen.com\\\/thank-you\\\/\",\"name\":\"Thank You! - Candle in the Kitchen\",\"isPartOf\":{\"@id\":\"https:\\\/\\\/candleinthekitchen.com\\\/#website\"},\"datePublished\":\"2024-07-03T17:28:00+00:00\",\"dateModified\":\"2024-07-03T17:28:01+00:00\",\"breadcrumb\":{\"@id\":\"https:\\\/\\\/candleinthekitchen.com\\\/thank-you\\\/#breadcrumb\"},\"inLanguage\":\"fr-FR\",\"potentialAction\":[{\"@type\":\"ReadAction\",\"target\":[\"https:\\\/\\\/candleinthekitchen.com\\\/thank-you\\\/\"]}]},{\"@type\":\"BreadcrumbList\",\"@id\":\"https:\\\/\\\/candleinthekitchen.com\\\/thank-you\\\/#breadcrumb\",\"itemListElement\":[{\"@type\":\"ListItem\",\"position\":1,\"name\":\"Home\",\"item\":\"https:\\\/\\\/candleinthekitchen.com\\\/\"},{\"@type\":\"ListItem\",\"position\":2,\"name\":\"Thank You!\"}]},{\"@type\":\"WebSite\",\"@id\":\"https:\\\/\\\/candleinthekitchen.com\\\/#website\",\"url\":\"https:\\\/\\\/candleinthekitchen.com\\\/\",\"name\":\"Candle in the Kitchen\",\"description\":\"Simple, home-made food for family and friends\",\"publisher\":{\"@id\":\"https:\\\/\\\/candleinthekitchen.com\\\/#\\\/schema\\\/person\\\/9c45a3f411e84da07e714e6afbe1767a\"},\"potentialAction\":[{\"@type\":\"SearchAction\",\"target\":{\"@type\":\"EntryPoint\",\"urlTemplate\":\"https:\\\/\\\/candleinthekitchen.com\\\/?s={search_term_string}\"},\"query-input\":{\"@type\":\"PropertyValueSpecification\",\"valueRequired\":true,\"valueName\":\"search_term_string\"}}],\"inLanguage\":\"fr-FR\"},{\"@type\":[\"Person\",\"Organization\"],\"@id\":\"https:\\\/\\\/candleinthekitchen.com\\\/#\\\/schema\\\/person\\\/9c45a3f411e84da07e714e6afbe1767a\",\"name\":\"Sarah\",\"image\":{\"@type\":\"ImageObject\",\"inLanguage\":\"fr-FR\",\"@id\":\"https:\\\/\\\/candleinthekitchen.com\\\/wp-content\\\/uploads\\\/2024\\\/04\\\/cropped-CK-site-image.png\",\"url\":\"https:\\\/\\\/candleinthekitchen.com\\\/wp-content\\\/uploads\\\/2024\\\/04\\\/cropped-CK-site-image.png\",\"contentUrl\":\"https:\\\/\\\/candleinthekitchen.com\\\/wp-content\\\/uploads\\\/2024\\\/04\\\/cropped-CK-site-image.png\",\"width\":512,\"height\":512,\"caption\":\"Sarah\"},\"logo\":{\"@id\":\"https:\\\/\\\/candleinthekitchen.com\\\/wp-content\\\/uploads\\\/2024\\\/04\\\/cropped-CK-site-image.png\"},\"sameAs\":[\"https:\\\/\\\/candleinthekitchen.com\"]}]}<\/script>\n<!-- \/ Yoast SEO plugin. -->","yoast_head_json":{"title":"Merci ! - Bougie dans la cuisine","robots":{"index":"index","follow":"follow","max-snippet":"max-snippet:-1","max-image-preview":"max-image-preview:large","max-video-preview":"max-video-preview:-1"},"canonical":"https:\/\/candleinthekitchen.com\/fr\/thank-you\/","og_locale":"fr_FR","og_type":"article","og_title":"Thank You! - Candle in the Kitchen","og_description":"Thanks for signing up to my weekly newsletter. I&#8217;m looking forward to seeing you in my kitchen again soon \ud83d\ude42 Sarah xx","og_url":"https:\/\/candleinthekitchen.com\/fr\/thank-you\/","og_site_name":"Candle in the Kitchen","article_modified_time":"2024-07-03T17:28:01+00:00","twitter_card":"summary_large_image","twitter_misc":{"Dur\u00e9e de lecture estim\u00e9e":"1 minute"},"schema":{"@context":"https:\/\/schema.org","@graph":[{"@type":"WebPage","@id":"https:\/\/candleinthekitchen.com\/thank-you\/","url":"https:\/\/candleinthekitchen.com\/thank-you\/","name":"Merci ! - Bougie dans la cuisine","isPartOf":{"@id":"https:\/\/candleinthekitchen.com\/#website"},"datePublished":"2024-07-03T17:28:00+00:00","dateModified":"2024-07-03T17:28:01+00:00","breadcrumb":{"@id":"https:\/\/candleinthekitchen.com\/thank-you\/#breadcrumb"},"inLanguage":"fr-FR","potentialAction":[{"@type":"ReadAction","target":["https:\/\/candleinthekitchen.com\/thank-you\/"]}]},{"@type":"BreadcrumbList","@id":"https:\/\/candleinthekitchen.com\/thank-you\/#breadcrumb","itemListElement":[{"@type":"ListItem","position":1,"name":"Home","item":"https:\/\/candleinthekitchen.com\/"},{"@type":"ListItem","position":2,"name":"Thank You!"}]},{"@type":"WebSite","@id":"https:\/\/candleinthekitchen.com\/#website","url":"https:\/\/candleinthekitchen.com\/","name":"Bougie dans la cuisine","description":"Des plats simples et faits maison pour la famille et les amis","publisher":{"@id":"https:\/\/candleinthekitchen.com\/#\/schema\/person\/9c45a3f411e84da07e714e6afbe1767a"},"potentialAction":[{"@type":"SearchAction","target":{"@type":"EntryPoint","urlTemplate":"https:\/\/candleinthekitchen.com\/?s={search_term_string}"},"query-input":{"@type":"PropertyValueSpecification","valueRequired":true,"valueName":"search_term_string"}}],"inLanguage":"fr-FR"},{"@type":["Person","Organization"],"@id":"https:\/\/candleinthekitchen.com\/#\/schema\/person\/9c45a3f411e84da07e714e6afbe1767a","name":"Sarah","image":{"@type":"ImageObject","inLanguage":"fr-FR","@id":"https:\/\/candleinthekitchen.com\/wp-content\/uploads\/2024\/04\/cropped-CK-site-image.png","url":"https:\/\/candleinthekitchen.com\/wp-content\/uploads\/2024\/04\/cropped-CK-site-image.png","contentUrl":"https:\/\/candleinthekitchen.com\/wp-content\/uploads\/2024\/04\/cropped-CK-site-image.png","width":512,"height":512,"caption":"Sarah"},"logo":{"@id":"https:\/\/candleinthekitchen.com\/wp-content\/uploads\/2024\/04\/cropped-CK-site-image.png"},"sameAs":["https:\/\/candleinthekitchen.com"]}]}},"_links":{"self":[{"href":"https:\/\/candleinthekitchen.com\/fr\/wp-json\/wp\/v2\/pages\/440","targetHints":{"allow":["GET"]}}],"collection":[{"href":"https:\/\/candleinthekitchen.com\/fr\/wp-json\/wp\/v2\/pages"}],"about":[{"href":"https:\/\/candleinthekitchen.com\/fr\/wp-json\/wp\/v2\/types\/page"}],"author":[{"embeddable":true,"href":"https:\/\/candleinthekitchen.com\/fr\/wp-json\/wp\/v2\/users\/1"}],"replies":[{"embeddable":true,"href":"https:\/\/candleinthekitchen.com\/fr\/wp-json\/wp\/v2\/comments?post=440"}],"version-history":[{"count":1,"href":"https:\/\/candleinthekitchen.com\/fr\/wp-json\/wp\/v2\/pages\/440\/revisions"}],"predecessor-version":[{"id":441,"href":"https:\/\/candleinthekitchen.com\/fr\/wp-json\/wp\/v2\/pages\/440\/revisions\/441"}],"wp:attachment":[{"href":"https:\/\/candleinthekitchen.com\/fr\/wp-json\/wp\/v2\/media?parent=440"}],"curies":[{"name":"wp","href":"https:\/\/api.w.org\/{rel}","templated":true}]}}