{"id":754,"date":"2024-09-09T15:44:33","date_gmt":"2024-09-09T13:44:33","guid":{"rendered":"https:\/\/candleinthekitchen.com\/?page_id=754"},"modified":"2025-01-28T09:45:18","modified_gmt":"2025-01-28T08:45:18","slug":"free-budget-e-booklet","status":"publish","type":"page","link":"https:\/\/candleinthekitchen.com\/fr\/free-budget-e-booklet\/","title":{"rendered":"Brochure gratuite sur le budget"},"content":{"rendered":"<div class=\"wp-block-cover wp-duotone-unset-1\"><span aria-hidden=\"true\" class=\"wp-block-cover__background has-background-dim-30 has-background-dim\"><\/span><img decoding=\"async\" width=\"768\" height=\"1024\" class=\"wp-block-cover__image-background wp-image-756 lazyload\" alt=\"\" data-src=\"https:\/\/candleinthekitchen.com\/wp-content\/uploads\/2024\/09\/IMG_9639-768x1024.jpeg\" data-object-fit=\"cover\" data-srcset=\"https:\/\/candleinthekitchen.com\/wp-content\/uploads\/2024\/09\/IMG_9639-768x1024.jpeg 768w, https:\/\/candleinthekitchen.com\/wp-content\/uploads\/2024\/09\/IMG_9639-225x300.jpeg 225w, https:\/\/candleinthekitchen.com\/wp-content\/uploads\/2024\/09\/IMG_9639-1152x1536.jpeg 1152w, https:\/\/candleinthekitchen.com\/wp-content\/uploads\/2024\/09\/IMG_9639.jpeg 1536w\" data-sizes=\"(max-width: 768px) 100vw, 768px\" src=\"data:image\/svg+xml;base64,PHN2ZyB3aWR0aD0iMSIgaGVpZ2h0PSIxIiB4bWxucz0iaHR0cDovL3d3dy53My5vcmcvMjAwMC9zdmciPjwvc3ZnPg==\" style=\"--smush-placeholder-width: 768px; --smush-placeholder-aspect-ratio: 768\/1024;\" \/><div class=\"wp-block-cover__inner-container is-layout-flow wp-block-cover-is-layout-flow\">\n<p class=\"has-text-align-center has-large-font-size\" style=\"font-style:normal;font-weight:100\">Cliquez sur <a href=\"https:\/\/candleinthekitchen.com\/wp-content\/uploads\/2024\/09\/Budget-Recipe-book-autumn-2024-1.pdf\">ici<\/a> pour commencer votre t\u00e9l\u00e9chargement en anglais d\u00e8s maintenant<\/p>\n\n\n\n<p class=\"has-text-align-center has-large-font-size\" style=\"font-style:normal;font-weight:300\">Cliquez <a href=\"https:\/\/candleinthekitchen.com\/wp-content\/uploads\/2024\/09\/French-Budget-Recipe-book-autumn-2024-1.pdf\">ici<\/a> pour t\u00e9l\u00e9charger votre E-book en fran\u00e7ais<\/p>\n<\/div><\/div>\n\n\n\n<p>J'esp\u00e8re que vous aimerez ces recettes autant que ma famille \ud83d\ude42 . <\/p>\n\n\n\n<p>Sarah xx<\/p>","protected":false},"excerpt":{"rendered":"<p>I hope you will love these recipes as much as my family does \ud83d\ude42 Sarah xx<\/p>","protected":false},"author":1,"featured_media":1469,"parent":0,"menu_order":0,"comment_status":"closed","ping_status":"closed","template":"","meta":{"_lmt_disableupdate":"","_lmt_disable":"","wprm-recipe-roundup-name":"","wprm-recipe-roundup-description":"","_genesis_hide_title":false,"_genesis_hide_breadcrumbs":false,"_genesis_hide_singular_image":false,"_genesis_hide_footer_widgets":false,"_genesis_custom_body_class":"","_genesis_custom_post_class":"","_genesis_layout":"","_wp_convertkit_post_meta":{"form":"-1","landing_page":"0","tag":"0","restrict_content":"0"},"footnotes":""},"class_list":{"0":"post-754","1":"page","2":"type-page","3":"status-publish","4":"has-post-thumbnail","6":"entry"},"yoast_head":"<!-- This site is optimized with the Yoast SEO plugin v27.5 - https:\/\/yoast.com\/product\/yoast-seo-wordpress\/ -->\n<title>Free Budget E-booklet - Candle in the Kitchen<\/title>\n<meta name=\"robots\" content=\"index, follow, max-snippet:-1, max-image-preview:large, max-video-preview:-1\" \/>\n<link rel=\"canonical\" href=\"https:\/\/candleinthekitchen.com\/fr\/free-budget-e-booklet\/\" \/>\n<meta property=\"og:locale\" content=\"fr_FR\" \/>\n<meta property=\"og:type\" content=\"article\" \/>\n<meta property=\"og:title\" content=\"Free Budget E-booklet - Candle in the Kitchen\" \/>\n<meta property=\"og:description\" content=\"I hope you will love these recipes as much as my family does \ud83d\ude42 Sarah xx\" \/>\n<meta property=\"og:url\" content=\"https:\/\/candleinthekitchen.com\/fr\/free-budget-e-booklet\/\" \/>\n<meta property=\"og:site_name\" content=\"Candle in the Kitchen\" \/>\n<meta property=\"article:modified_time\" content=\"2025-01-28T08:45:18+00:00\" \/>\n<meta property=\"og:image\" content=\"https:\/\/candleinthekitchen.com\/wp-content\/uploads\/2025\/01\/IMG_9671.jpeg\" \/>\n\t<meta property=\"og:image:width\" content=\"1536\" \/>\n\t<meta property=\"og:image:height\" content=\"2048\" \/>\n\t<meta property=\"og:image:type\" content=\"image\/jpeg\" \/>\n<meta name=\"twitter:card\" content=\"summary_large_image\" \/>\n<meta name=\"twitter:label1\" content=\"Dur\u00e9e de lecture estim\u00e9e\" \/>\n\t<meta name=\"twitter:data1\" content=\"1 minute\" \/>\n<script type=\"application\/ld+json\" class=\"yoast-schema-graph\">{\"@context\":\"https:\\\/\\\/schema.org\",\"@graph\":[{\"@type\":\"WebPage\",\"@id\":\"https:\\\/\\\/candleinthekitchen.com\\\/free-budget-e-booklet\\\/\",\"url\":\"https:\\\/\\\/candleinthekitchen.com\\\/free-budget-e-booklet\\\/\",\"name\":\"Free Budget E-booklet - Candle in the Kitchen\",\"isPartOf\":{\"@id\":\"https:\\\/\\\/candleinthekitchen.com\\\/#website\"},\"primaryImageOfPage\":{\"@id\":\"https:\\\/\\\/candleinthekitchen.com\\\/free-budget-e-booklet\\\/#primaryimage\"},\"image\":{\"@id\":\"https:\\\/\\\/candleinthekitchen.com\\\/free-budget-e-booklet\\\/#primaryimage\"},\"thumbnailUrl\":\"https:\\\/\\\/candleinthekitchen.com\\\/wp-content\\\/uploads\\\/2025\\\/01\\\/IMG_9671.jpeg\",\"datePublished\":\"2024-09-09T13:44:33+00:00\",\"dateModified\":\"2025-01-28T08:45:18+00:00\",\"breadcrumb\":{\"@id\":\"https:\\\/\\\/candleinthekitchen.com\\\/free-budget-e-booklet\\\/#breadcrumb\"},\"inLanguage\":\"fr-FR\",\"potentialAction\":[{\"@type\":\"ReadAction\",\"target\":[\"https:\\\/\\\/candleinthekitchen.com\\\/free-budget-e-booklet\\\/\"]}]},{\"@type\":\"ImageObject\",\"inLanguage\":\"fr-FR\",\"@id\":\"https:\\\/\\\/candleinthekitchen.com\\\/free-budget-e-booklet\\\/#primaryimage\",\"url\":\"https:\\\/\\\/candleinthekitchen.com\\\/wp-content\\\/uploads\\\/2025\\\/01\\\/IMG_9671.jpeg\",\"contentUrl\":\"https:\\\/\\\/candleinthekitchen.com\\\/wp-content\\\/uploads\\\/2025\\\/01\\\/IMG_9671.jpeg\",\"width\":1536,\"height\":2048,\"caption\":\"Shakshuka with a poached egg with runny yolk on top, hand dipping in garlic baguette\"},{\"@type\":\"BreadcrumbList\",\"@id\":\"https:\\\/\\\/candleinthekitchen.com\\\/free-budget-e-booklet\\\/#breadcrumb\",\"itemListElement\":[{\"@type\":\"ListItem\",\"position\":1,\"name\":\"Home\",\"item\":\"https:\\\/\\\/candleinthekitchen.com\\\/\"},{\"@type\":\"ListItem\",\"position\":2,\"name\":\"Free Budget E-booklet\"}]},{\"@type\":\"WebSite\",\"@id\":\"https:\\\/\\\/candleinthekitchen.com\\\/#website\",\"url\":\"https:\\\/\\\/candleinthekitchen.com\\\/\",\"name\":\"Candle in the Kitchen\",\"description\":\"Simple, home-made food for family and friends\",\"publisher\":{\"@id\":\"https:\\\/\\\/candleinthekitchen.com\\\/#\\\/schema\\\/person\\\/9c45a3f411e84da07e714e6afbe1767a\"},\"potentialAction\":[{\"@type\":\"SearchAction\",\"target\":{\"@type\":\"EntryPoint\",\"urlTemplate\":\"https:\\\/\\\/candleinthekitchen.com\\\/?s={search_term_string}\"},\"query-input\":{\"@type\":\"PropertyValueSpecification\",\"valueRequired\":true,\"valueName\":\"search_term_string\"}}],\"inLanguage\":\"fr-FR\"},{\"@type\":[\"Person\",\"Organization\"],\"@id\":\"https:\\\/\\\/candleinthekitchen.com\\\/#\\\/schema\\\/person\\\/9c45a3f411e84da07e714e6afbe1767a\",\"name\":\"Sarah\",\"image\":{\"@type\":\"ImageObject\",\"inLanguage\":\"fr-FR\",\"@id\":\"https:\\\/\\\/candleinthekitchen.com\\\/wp-content\\\/uploads\\\/2024\\\/04\\\/cropped-CK-site-image.png\",\"url\":\"https:\\\/\\\/candleinthekitchen.com\\\/wp-content\\\/uploads\\\/2024\\\/04\\\/cropped-CK-site-image.png\",\"contentUrl\":\"https:\\\/\\\/candleinthekitchen.com\\\/wp-content\\\/uploads\\\/2024\\\/04\\\/cropped-CK-site-image.png\",\"width\":512,\"height\":512,\"caption\":\"Sarah\"},\"logo\":{\"@id\":\"https:\\\/\\\/candleinthekitchen.com\\\/wp-content\\\/uploads\\\/2024\\\/04\\\/cropped-CK-site-image.png\"},\"sameAs\":[\"https:\\\/\\\/candleinthekitchen.com\"]}]}<\/script>\n<!-- \/ Yoast SEO plugin. -->","yoast_head_json":{"title":"E-booklet gratuit sur le budget - Candle in the Kitchen","robots":{"index":"index","follow":"follow","max-snippet":"max-snippet:-1","max-image-preview":"max-image-preview:large","max-video-preview":"max-video-preview:-1"},"canonical":"https:\/\/candleinthekitchen.com\/fr\/free-budget-e-booklet\/","og_locale":"fr_FR","og_type":"article","og_title":"Free Budget E-booklet - Candle in the Kitchen","og_description":"I hope you will love these recipes as much as my family does \ud83d\ude42 Sarah xx","og_url":"https:\/\/candleinthekitchen.com\/fr\/free-budget-e-booklet\/","og_site_name":"Candle in the Kitchen","article_modified_time":"2025-01-28T08:45:18+00:00","og_image":[{"width":1536,"height":2048,"url":"https:\/\/candleinthekitchen.com\/wp-content\/uploads\/2025\/01\/IMG_9671.jpeg","type":"image\/jpeg"}],"twitter_card":"summary_large_image","twitter_misc":{"Dur\u00e9e de lecture estim\u00e9e":"1 minute"},"schema":{"@context":"https:\/\/schema.org","@graph":[{"@type":"WebPage","@id":"https:\/\/candleinthekitchen.com\/free-budget-e-booklet\/","url":"https:\/\/candleinthekitchen.com\/free-budget-e-booklet\/","name":"E-booklet gratuit sur le budget - Candle in the Kitchen","isPartOf":{"@id":"https:\/\/candleinthekitchen.com\/#website"},"primaryImageOfPage":{"@id":"https:\/\/candleinthekitchen.com\/free-budget-e-booklet\/#primaryimage"},"image":{"@id":"https:\/\/candleinthekitchen.com\/free-budget-e-booklet\/#primaryimage"},"thumbnailUrl":"https:\/\/candleinthekitchen.com\/wp-content\/uploads\/2025\/01\/IMG_9671.jpeg","datePublished":"2024-09-09T13:44:33+00:00","dateModified":"2025-01-28T08:45:18+00:00","breadcrumb":{"@id":"https:\/\/candleinthekitchen.com\/free-budget-e-booklet\/#breadcrumb"},"inLanguage":"fr-FR","potentialAction":[{"@type":"ReadAction","target":["https:\/\/candleinthekitchen.com\/free-budget-e-booklet\/"]}]},{"@type":"ImageObject","inLanguage":"fr-FR","@id":"https:\/\/candleinthekitchen.com\/free-budget-e-booklet\/#primaryimage","url":"https:\/\/candleinthekitchen.com\/wp-content\/uploads\/2025\/01\/IMG_9671.jpeg","contentUrl":"https:\/\/candleinthekitchen.com\/wp-content\/uploads\/2025\/01\/IMG_9671.jpeg","width":1536,"height":2048,"caption":"Shakshuka with a poached egg with runny yolk on top, hand dipping in garlic baguette"},{"@type":"BreadcrumbList","@id":"https:\/\/candleinthekitchen.com\/free-budget-e-booklet\/#breadcrumb","itemListElement":[{"@type":"ListItem","position":1,"name":"Home","item":"https:\/\/candleinthekitchen.com\/"},{"@type":"ListItem","position":2,"name":"Free Budget E-booklet"}]},{"@type":"WebSite","@id":"https:\/\/candleinthekitchen.com\/#website","url":"https:\/\/candleinthekitchen.com\/","name":"Bougie dans la cuisine","description":"Des plats simples et faits maison pour la famille et les amis","publisher":{"@id":"https:\/\/candleinthekitchen.com\/#\/schema\/person\/9c45a3f411e84da07e714e6afbe1767a"},"potentialAction":[{"@type":"SearchAction","target":{"@type":"EntryPoint","urlTemplate":"https:\/\/candleinthekitchen.com\/?s={search_term_string}"},"query-input":{"@type":"PropertyValueSpecification","valueRequired":true,"valueName":"search_term_string"}}],"inLanguage":"fr-FR"},{"@type":["Person","Organization"],"@id":"https:\/\/candleinthekitchen.com\/#\/schema\/person\/9c45a3f411e84da07e714e6afbe1767a","name":"Sarah","image":{"@type":"ImageObject","inLanguage":"fr-FR","@id":"https:\/\/candleinthekitchen.com\/wp-content\/uploads\/2024\/04\/cropped-CK-site-image.png","url":"https:\/\/candleinthekitchen.com\/wp-content\/uploads\/2024\/04\/cropped-CK-site-image.png","contentUrl":"https:\/\/candleinthekitchen.com\/wp-content\/uploads\/2024\/04\/cropped-CK-site-image.png","width":512,"height":512,"caption":"Sarah"},"logo":{"@id":"https:\/\/candleinthekitchen.com\/wp-content\/uploads\/2024\/04\/cropped-CK-site-image.png"},"sameAs":["https:\/\/candleinthekitchen.com"]}]}},"_links":{"self":[{"href":"https:\/\/candleinthekitchen.com\/fr\/wp-json\/wp\/v2\/pages\/754","targetHints":{"allow":["GET"]}}],"collection":[{"href":"https:\/\/candleinthekitchen.com\/fr\/wp-json\/wp\/v2\/pages"}],"about":[{"href":"https:\/\/candleinthekitchen.com\/fr\/wp-json\/wp\/v2\/types\/page"}],"author":[{"embeddable":true,"href":"https:\/\/candleinthekitchen.com\/fr\/wp-json\/wp\/v2\/users\/1"}],"replies":[{"embeddable":true,"href":"https:\/\/candleinthekitchen.com\/fr\/wp-json\/wp\/v2\/comments?post=754"}],"version-history":[{"count":10,"href":"https:\/\/candleinthekitchen.com\/fr\/wp-json\/wp\/v2\/pages\/754\/revisions"}],"predecessor-version":[{"id":1470,"href":"https:\/\/candleinthekitchen.com\/fr\/wp-json\/wp\/v2\/pages\/754\/revisions\/1470"}],"wp:featuredmedia":[{"embeddable":true,"href":"https:\/\/candleinthekitchen.com\/fr\/wp-json\/wp\/v2\/media\/1469"}],"wp:attachment":[{"href":"https:\/\/candleinthekitchen.com\/fr\/wp-json\/wp\/v2\/media?parent=754"}],"curies":[{"name":"wp","href":"https:\/\/api.w.org\/{rel}","templated":true}]}}